{"id":7,"date":"2019-02-25T12:37:08","date_gmt":"2019-02-25T11:37:08","guid":{"rendered":"https:\/\/pneuhaus-happy.ch\/wordpress\/?page_id=7"},"modified":"2023-01-23T21:16:28","modified_gmt":"2023-01-23T20:16:28","slug":"uber-uns","status":"publish","type":"page","link":"https:\/\/pneuhaus-happy.ch\/wordpress\/uber-uns\/","title":{"rendered":"\u00dcber uns"},"content":{"rendered":"\t\t<div data-elementor-type=\"wp-post\" data-elementor-id=\"7\" class=\"elementor elementor-7\">\n\t\t\t\t\t\t\t\t\t<section class=\"elementor-section elementor-top-section elementor-element elementor-element-ba18039 elementor-section-content-bottom elementor-section-boxed elementor-section-height-default elementor-section-height-default\" data-id=\"ba18039\" data-element_type=\"section\" data-settings=\"{&quot;background_background&quot;:&quot;classic&quot;}\">\n\t\t\t\t\t\t\t<div class=\"elementor-background-overlay\"><\/div>\n\t\t\t\t\t\t\t<div class=\"elementor-container elementor-column-gap-no\">\n\t\t\t\t\t<div class=\"elementor-column elementor-col-100 elementor-top-column elementor-element elementor-element-f4fe14c\" data-id=\"f4fe14c\" data-element_type=\"column\">\n\t\t\t<div class=\"elementor-widget-wrap elementor-element-populated\">\n\t\t\t\t\t\t\t\t<div class=\"elementor-element elementor-element-08960a8 elementor-widget elementor-widget-heading\" data-id=\"08960a8\" data-element_type=\"widget\" data-widget_type=\"heading.default\">\n\t\t\t\t<div class=\"elementor-widget-container\">\n\t\t\t<style>\/*! elementor - v3.7.2 - 21-08-2022 *\/\n.elementor-heading-title{padding:0;margin:0;line-height:1}.elementor-widget-heading .elementor-heading-title[class*=elementor-size-]>a{color:inherit;font-size:inherit;line-height:inherit}.elementor-widget-heading .elementor-heading-title.elementor-size-small{font-size:15px}.elementor-widget-heading .elementor-heading-title.elementor-size-medium{font-size:19px}.elementor-widget-heading .elementor-heading-title.elementor-size-large{font-size:29px}.elementor-widget-heading .elementor-heading-title.elementor-size-xl{font-size:39px}.elementor-widget-heading .elementor-heading-title.elementor-size-xxl{font-size:59px}<\/style><h1 class=\"elementor-heading-title elementor-size-default\">\u00fcber uns<\/h1>\t\t<\/div>\n\t\t\t\t<\/div>\n\t\t\t\t\t<\/div>\n\t\t<\/div>\n\t\t\t\t\t\t\t<\/div>\n\t\t<\/section>\n\t\t\t\t<section class=\"elementor-section elementor-top-section elementor-element elementor-element-25205b2 elementor-section-boxed elementor-section-height-default elementor-section-height-default\" data-id=\"25205b2\" data-element_type=\"section\" data-settings=\"{&quot;background_background&quot;:&quot;classic&quot;}\">\n\t\t\t\t\t\t<div class=\"elementor-container elementor-column-gap-no\">\n\t\t\t\t\t<div class=\"elementor-column elementor-col-50 elementor-top-column elementor-element elementor-element-c2f159c\" data-id=\"c2f159c\" data-element_type=\"column\">\n\t\t\t<div class=\"elementor-widget-wrap elementor-element-populated\">\n\t\t\t\t\t\t\t\t<div class=\"elementor-element elementor-element-fc4c6d4 elementor-widget elementor-widget-heading\" data-id=\"fc4c6d4\" data-element_type=\"widget\" data-widget_type=\"heading.default\">\n\t\t\t\t<div class=\"elementor-widget-container\">\n\t\t\t<h6 class=\"elementor-heading-title elementor-size-default\">Inhaber Pneuhaus Happy GmbH\n -<\/h6>\t\t<\/div>\n\t\t\t\t<\/div>\n\t\t\t\t<div class=\"elementor-element elementor-element-508f649 elementor-widget elementor-widget-heading\" data-id=\"508f649\" data-element_type=\"widget\" data-widget_type=\"heading.default\">\n\t\t\t\t<div class=\"elementor-widget-container\">\n\t\t\t<h2 class=\"elementor-heading-title elementor-size-default\">Armen Kazimoski - Inhaber Pneuhaus Happy GmbH<\/h2>\t\t<\/div>\n\t\t\t\t<\/div>\n\t\t\t\t<div class=\"elementor-element elementor-element-0fa97ad elementor-widget elementor-widget-text-editor\" data-id=\"0fa97ad\" data-element_type=\"widget\" data-widget_type=\"text-editor.default\">\n\t\t\t\t<div class=\"elementor-widget-container\">\n\t\t\t<style>\/*! elementor - v3.7.2 - 21-08-2022 *\/\n.elementor-widget-text-editor.elementor-drop-cap-view-stacked .elementor-drop-cap{background-color:#818a91;color:#fff}.elementor-widget-text-editor.elementor-drop-cap-view-framed .elementor-drop-cap{color:#818a91;border:3px solid;background-color:transparent}.elementor-widget-text-editor:not(.elementor-drop-cap-view-default) .elementor-drop-cap{margin-top:8px}.elementor-widget-text-editor:not(.elementor-drop-cap-view-default) .elementor-drop-cap-letter{width:1em;height:1em}.elementor-widget-text-editor .elementor-drop-cap{float:left;text-align:center;line-height:1;font-size:50px}.elementor-widget-text-editor .elementor-drop-cap-letter{display:inline-block}<\/style>\t\t\t\t<p class=\"p1\">Vor rund 25 Jahren habe ich die Ausbildung zum Automonteur erfolgreich absolviert. W\u00e4hrend meine Ausbildung wiederspiegelte sich meine Leidenschaft zu Reperaturarbeiten an Personenwagen, war f\u00fcr mich klar, mich in Bereich Reifen und R\u00e4der weiterzubilden. Anfangs der 2000er Jahren durfte ich die ersten Erfahrungen als Reifenpraktiker im Haupterwerb sammeln.\u00a0<\/p>\t\t\t\t\t\t<\/div>\n\t\t\t\t<\/div>\n\t\t\t\t\t<\/div>\n\t\t<\/div>\n\t\t\t\t<div class=\"elementor-column elementor-col-50 elementor-top-column elementor-element elementor-element-270df6b\" data-id=\"270df6b\" data-element_type=\"column\">\n\t\t\t<div class=\"elementor-widget-wrap elementor-element-populated\">\n\t\t\t\t\t\t\t\t<div class=\"elementor-element elementor-element-2ca4402 elementor-widget elementor-widget-text-editor\" data-id=\"2ca4402\" data-element_type=\"widget\" data-widget_type=\"text-editor.default\">\n\t\t\t\t<div class=\"elementor-widget-container\">\n\t\t\t\t\t\t\t<p class=\"p1\">Dank meine Sozial- und Fachkompetenzen wurde ich drei Jahre sp\u00e4ter zum Filialleiter bef\u00f6rdert und kurze Zeit sp\u00e4ter zum Filialverantwortlichen einer grossen Pneuhaus-Kette. Nun m\u00f6chte ich Meine Erfahrungen und weiteren Kompetenzen mit der Firma Pneuhaus Happy GmbH einer breiten Zielgruppe zur Verf\u00fcgung stellen. Mir ist es ein grosses Anliegen, die Kunden fachgerecht zu betreuen. Auf die Zusammenarbeit, Wertsch\u00e4tzung, Vertrauen und Respekt, legen wir grosses Wert. Ich freue mich Sie kennenzulernen.<\/p>\t\t\t\t\t\t<\/div>\n\t\t\t\t<\/div>\n\t\t\t\t\t<\/div>\n\t\t<\/div>\n\t\t\t\t\t\t\t<\/div>\n\t\t<\/section>\n\t\t\t\t<section class=\"elementor-section elementor-top-section elementor-element elementor-element-8f619f5 elementor-section-boxed elementor-section-height-default elementor-section-height-default\" data-id=\"8f619f5\" data-element_type=\"section\" data-settings=\"{&quot;background_background&quot;:&quot;classic&quot;}\">\n\t\t\t\t\t\t<div class=\"elementor-container elementor-column-gap-no\">\n\t\t\t\t\t<div class=\"elementor-column elementor-col-100 elementor-top-column elementor-element elementor-element-0ef718c\" data-id=\"0ef718c\" data-element_type=\"column\" data-settings=\"{&quot;background_background&quot;:&quot;classic&quot;}\">\n\t\t\t<div class=\"elementor-widget-wrap elementor-element-populated\">\n\t\t\t\t\t\t\t\t<div class=\"elementor-element elementor-element-e5a1485 elementor-widget elementor-widget-image\" data-id=\"e5a1485\" data-element_type=\"widget\" data-widget_type=\"image.default\">\n\t\t\t\t<div class=\"elementor-widget-container\">\n\t\t\t<style>\/*! elementor - v3.7.2 - 21-08-2022 *\/\n.elementor-widget-image{text-align:center}.elementor-widget-image a{display:inline-block}.elementor-widget-image a img[src$=\".svg\"]{width:48px}.elementor-widget-image img{vertical-align:middle;display:inline-block}<\/style>\t\t\t\t\t\t\t\t\t\t\t\t<img loading=\"lazy\" decoding=\"async\" width=\"2000\" height=\"1500\" src=\"https:\/\/pneuhaus-happy.ch\/wordpress\/wp-content\/uploads\/2023\/01\/WhatsApp-Image-2022-12-29-at-19.59.51-6.jpeg\" class=\"attachment-full size-full\" alt=\"\" srcset=\"https:\/\/pneuhaus-happy.ch\/wordpress\/wp-content\/uploads\/2023\/01\/WhatsApp-Image-2022-12-29-at-19.59.51-6.jpeg 2000w, https:\/\/pneuhaus-happy.ch\/wordpress\/wp-content\/uploads\/2023\/01\/WhatsApp-Image-2022-12-29-at-19.59.51-6-300x225.jpeg 300w, https:\/\/pneuhaus-happy.ch\/wordpress\/wp-content\/uploads\/2023\/01\/WhatsApp-Image-2022-12-29-at-19.59.51-6-1024x768.jpeg 1024w, https:\/\/pneuhaus-happy.ch\/wordpress\/wp-content\/uploads\/2023\/01\/WhatsApp-Image-2022-12-29-at-19.59.51-6-768x576.jpeg 768w, https:\/\/pneuhaus-happy.ch\/wordpress\/wp-content\/uploads\/2023\/01\/WhatsApp-Image-2022-12-29-at-19.59.51-6-1536x1152.jpeg 1536w\" sizes=\"auto, (max-width: 2000px) 100vw, 2000px\" \/>\t\t\t\t\t\t\t\t\t\t\t\t\t\t\t<\/div>\n\t\t\t\t<\/div>\n\t\t\t\t\t<\/div>\n\t\t<\/div>\n\t\t\t\t\t\t\t<\/div>\n\t\t<\/section>\n\t\t\t\t\t\t\t<\/div>\n\t\t","protected":false},"excerpt":{"rendered":"<p>\u00fcber uns Inhaber Pneuhaus Happy GmbH &#8211; Armen Kazimoski &#8211; Inhaber Pneuhaus Happy GmbH Vor rund 25 Jahren habe ich die Ausbildung zum Automonteur erfolgreich absolviert. W\u00e4hrend meine Ausbildung wiederspiegelte sich meine Leidenschaft zu Reperaturarbeiten an Personenwagen, war f\u00fcr mich klar, mich in Bereich Reifen und R\u00e4der weiterzubilden. Anfangs der 2000er Jahren durfte ich die &hellip;<\/p>\n<p class=\"read-more\"> <a class=\"\" href=\"https:\/\/pneuhaus-happy.ch\/wordpress\/uber-uns\/\"> <span class=\"screen-reader-text\">\u00dcber uns<\/span> Read More &raquo;<\/a><\/p>\n","protected":false},"author":1,"featured_media":0,"parent":0,"menu_order":0,"comment_status":"closed","ping_status":"closed","template":"","meta":{"site-sidebar-layout":"no-sidebar","site-content-layout":"page-builder","ast-global-header-display":"","ast-main-header-display":"","ast-hfb-above-header-display":"","ast-hfb-below-header-display":"","ast-hfb-mobile-header-display":"","site-post-title":"disabled","ast-breadcrumbs-content":"","ast-featured-img":"disabled","footer-sml-layout":"","theme-transparent-header-meta":"default","adv-header-id-meta":"","stick-header-meta":"","header-above-stick-meta":"","header-main-stick-meta":"","header-below-stick-meta":"","footnotes":""},"class_list":["post-7","page","type-page","status-publish","hentry"],"yoast_head":"<!-- This site is optimized with the Yoast SEO plugin v19.13 - https:\/\/yoast.com\/wordpress\/plugins\/seo\/ -->\n<title>\u00dcber uns - Pneuhaus Happy<\/title>\n<meta name=\"robots\" content=\"index, follow, max-snippet:-1, max-image-preview:large, max-video-preview:-1\" \/>\n<link rel=\"canonical\" href=\"https:\/\/pneuhaus-happy.ch\/wordpress\/uber-uns\/\" \/>\n<meta property=\"og:locale\" content=\"en_US\" \/>\n<meta property=\"og:type\" content=\"article\" \/>\n<meta property=\"og:title\" content=\"\u00dcber uns - Pneuhaus Happy\" \/>\n<meta property=\"og:description\" content=\"\u00fcber uns Inhaber Pneuhaus Happy GmbH &#8211; Armen Kazimoski &#8211; Inhaber Pneuhaus Happy GmbH Vor rund 25 Jahren habe ich die Ausbildung zum Automonteur erfolgreich absolviert. W\u00e4hrend meine Ausbildung wiederspiegelte sich meine Leidenschaft zu Reperaturarbeiten an Personenwagen, war f\u00fcr mich klar, mich in Bereich Reifen und R\u00e4der weiterzubilden. Anfangs der 2000er Jahren durfte ich die &hellip; \u00dcber uns Read More &raquo;\" \/>\n<meta property=\"og:url\" content=\"https:\/\/pneuhaus-happy.ch\/wordpress\/uber-uns\/\" \/>\n<meta property=\"og:site_name\" content=\"Pneuhaus Happy\" \/>\n<meta property=\"article:modified_time\" content=\"2023-01-23T20:16:28+00:00\" \/>\n<meta property=\"og:image\" content=\"https:\/\/pneuhaus-happy.ch\/wordpress\/wp-content\/uploads\/2023\/01\/WhatsApp-Image-2022-12-29-at-19.59.51-6.jpeg\" \/>\n<meta name=\"twitter:card\" content=\"summary_large_image\" \/>\n<meta name=\"twitter:label1\" content=\"Est. reading time\" \/>\n\t<meta name=\"twitter:data1\" content=\"1 minute\" \/>\n<script type=\"application\/ld+json\" class=\"yoast-schema-graph\">{\"@context\":\"https:\/\/schema.org\",\"@graph\":[{\"@type\":\"WebPage\",\"@id\":\"https:\/\/pneuhaus-happy.ch\/wordpress\/uber-uns\/\",\"url\":\"https:\/\/pneuhaus-happy.ch\/wordpress\/uber-uns\/\",\"name\":\"\u00dcber uns - Pneuhaus Happy\",\"isPartOf\":{\"@id\":\"https:\/\/pneuhaus-happy.ch\/wordpress\/#website\"},\"datePublished\":\"2019-02-25T11:37:08+00:00\",\"dateModified\":\"2023-01-23T20:16:28+00:00\",\"breadcrumb\":{\"@id\":\"https:\/\/pneuhaus-happy.ch\/wordpress\/uber-uns\/#breadcrumb\"},\"inLanguage\":\"en-US\",\"potentialAction\":[{\"@type\":\"ReadAction\",\"target\":[\"https:\/\/pneuhaus-happy.ch\/wordpress\/uber-uns\/\"]}]},{\"@type\":\"BreadcrumbList\",\"@id\":\"https:\/\/pneuhaus-happy.ch\/wordpress\/uber-uns\/#breadcrumb\",\"itemListElement\":[{\"@type\":\"ListItem\",\"position\":1,\"name\":\"Home\",\"item\":\"https:\/\/pneuhaus-happy.ch\/wordpress\/\"},{\"@type\":\"ListItem\",\"position\":2,\"name\":\"\u00dcber uns\"}]},{\"@type\":\"WebSite\",\"@id\":\"https:\/\/pneuhaus-happy.ch\/wordpress\/#website\",\"url\":\"https:\/\/pneuhaus-happy.ch\/wordpress\/\",\"name\":\"pneuhaus-happy.ch\",\"description\":\"Rad, Reifen, Innenreinigung\",\"publisher\":{\"@id\":\"https:\/\/pneuhaus-happy.ch\/wordpress\/#organization\"},\"potentialAction\":[{\"@type\":\"SearchAction\",\"target\":{\"@type\":\"EntryPoint\",\"urlTemplate\":\"https:\/\/pneuhaus-happy.ch\/wordpress\/?s={search_term_string}\"},\"query-input\":\"required name=search_term_string\"}],\"inLanguage\":\"en-US\"},{\"@type\":\"Organization\",\"@id\":\"https:\/\/pneuhaus-happy.ch\/wordpress\/#organization\",\"name\":\"Pneuhaus Happy GmbH\",\"url\":\"https:\/\/pneuhaus-happy.ch\/wordpress\/\",\"logo\":{\"@type\":\"ImageObject\",\"inLanguage\":\"en-US\",\"@id\":\"https:\/\/pneuhaus-happy.ch\/wordpress\/#\/schema\/logo\/image\/\",\"url\":\"https:\/\/pneuhaus-happy.ch\/wordpress\/wp-content\/uploads\/2022\/09\/cropped-WhatsApp-Image-2022-09-24-at-10.37.28-AM.jpeg\",\"contentUrl\":\"https:\/\/pneuhaus-happy.ch\/wordpress\/wp-content\/uploads\/2022\/09\/cropped-WhatsApp-Image-2022-09-24-at-10.37.28-AM.jpeg\",\"width\":1871,\"height\":557,\"caption\":\"Pneuhaus Happy GmbH\"},\"image\":{\"@id\":\"https:\/\/pneuhaus-happy.ch\/wordpress\/#\/schema\/logo\/image\/\"}}]}<\/script>\n<!-- \/ Yoast SEO plugin. -->","yoast_head_json":{"title":"\u00dcber uns - Pneuhaus Happy","robots":{"index":"index","follow":"follow","max-snippet":"max-snippet:-1","max-image-preview":"max-image-preview:large","max-video-preview":"max-video-preview:-1"},"canonical":"https:\/\/pneuhaus-happy.ch\/wordpress\/uber-uns\/","og_locale":"en_US","og_type":"article","og_title":"\u00dcber uns - Pneuhaus Happy","og_description":"\u00fcber uns Inhaber Pneuhaus Happy GmbH &#8211; Armen Kazimoski &#8211; Inhaber Pneuhaus Happy GmbH Vor rund 25 Jahren habe ich die Ausbildung zum Automonteur erfolgreich absolviert. W\u00e4hrend meine Ausbildung wiederspiegelte sich meine Leidenschaft zu Reperaturarbeiten an Personenwagen, war f\u00fcr mich klar, mich in Bereich Reifen und R\u00e4der weiterzubilden. Anfangs der 2000er Jahren durfte ich die &hellip; \u00dcber uns Read More &raquo;","og_url":"https:\/\/pneuhaus-happy.ch\/wordpress\/uber-uns\/","og_site_name":"Pneuhaus Happy","article_modified_time":"2023-01-23T20:16:28+00:00","og_image":[{"url":"https:\/\/pneuhaus-happy.ch\/wordpress\/wp-content\/uploads\/2023\/01\/WhatsApp-Image-2022-12-29-at-19.59.51-6.jpeg"}],"twitter_card":"summary_large_image","twitter_misc":{"Est. reading time":"1 minute"},"schema":{"@context":"https:\/\/schema.org","@graph":[{"@type":"WebPage","@id":"https:\/\/pneuhaus-happy.ch\/wordpress\/uber-uns\/","url":"https:\/\/pneuhaus-happy.ch\/wordpress\/uber-uns\/","name":"\u00dcber uns - Pneuhaus Happy","isPartOf":{"@id":"https:\/\/pneuhaus-happy.ch\/wordpress\/#website"},"datePublished":"2019-02-25T11:37:08+00:00","dateModified":"2023-01-23T20:16:28+00:00","breadcrumb":{"@id":"https:\/\/pneuhaus-happy.ch\/wordpress\/uber-uns\/#breadcrumb"},"inLanguage":"en-US","potentialAction":[{"@type":"ReadAction","target":["https:\/\/pneuhaus-happy.ch\/wordpress\/uber-uns\/"]}]},{"@type":"BreadcrumbList","@id":"https:\/\/pneuhaus-happy.ch\/wordpress\/uber-uns\/#breadcrumb","itemListElement":[{"@type":"ListItem","position":1,"name":"Home","item":"https:\/\/pneuhaus-happy.ch\/wordpress\/"},{"@type":"ListItem","position":2,"name":"\u00dcber uns"}]},{"@type":"WebSite","@id":"https:\/\/pneuhaus-happy.ch\/wordpress\/#website","url":"https:\/\/pneuhaus-happy.ch\/wordpress\/","name":"pneuhaus-happy.ch","description":"Rad, Reifen, Innenreinigung","publisher":{"@id":"https:\/\/pneuhaus-happy.ch\/wordpress\/#organization"},"potentialAction":[{"@type":"SearchAction","target":{"@type":"EntryPoint","urlTemplate":"https:\/\/pneuhaus-happy.ch\/wordpress\/?s={search_term_string}"},"query-input":"required name=search_term_string"}],"inLanguage":"en-US"},{"@type":"Organization","@id":"https:\/\/pneuhaus-happy.ch\/wordpress\/#organization","name":"Pneuhaus Happy GmbH","url":"https:\/\/pneuhaus-happy.ch\/wordpress\/","logo":{"@type":"ImageObject","inLanguage":"en-US","@id":"https:\/\/pneuhaus-happy.ch\/wordpress\/#\/schema\/logo\/image\/","url":"https:\/\/pneuhaus-happy.ch\/wordpress\/wp-content\/uploads\/2022\/09\/cropped-WhatsApp-Image-2022-09-24-at-10.37.28-AM.jpeg","contentUrl":"https:\/\/pneuhaus-happy.ch\/wordpress\/wp-content\/uploads\/2022\/09\/cropped-WhatsApp-Image-2022-09-24-at-10.37.28-AM.jpeg","width":1871,"height":557,"caption":"Pneuhaus Happy GmbH"},"image":{"@id":"https:\/\/pneuhaus-happy.ch\/wordpress\/#\/schema\/logo\/image\/"}}]}},"_links":{"self":[{"href":"https:\/\/pneuhaus-happy.ch\/wordpress\/wp-json\/wp\/v2\/pages\/7","targetHints":{"allow":["GET"]}}],"collection":[{"href":"https:\/\/pneuhaus-happy.ch\/wordpress\/wp-json\/wp\/v2\/pages"}],"about":[{"href":"https:\/\/pneuhaus-happy.ch\/wordpress\/wp-json\/wp\/v2\/types\/page"}],"author":[{"embeddable":true,"href":"https:\/\/pneuhaus-happy.ch\/wordpress\/wp-json\/wp\/v2\/users\/1"}],"replies":[{"embeddable":true,"href":"https:\/\/pneuhaus-happy.ch\/wordpress\/wp-json\/wp\/v2\/comments?post=7"}],"version-history":[{"count":29,"href":"https:\/\/pneuhaus-happy.ch\/wordpress\/wp-json\/wp\/v2\/pages\/7\/revisions"}],"predecessor-version":[{"id":1019,"href":"https:\/\/pneuhaus-happy.ch\/wordpress\/wp-json\/wp\/v2\/pages\/7\/revisions\/1019"}],"wp:attachment":[{"href":"https:\/\/pneuhaus-happy.ch\/wordpress\/wp-json\/wp\/v2\/media?parent=7"}],"curies":[{"name":"wp","href":"https:\/\/api.w.org\/{rel}","templated":true}]}}