{"id":867,"date":"2022-11-03T08:06:34","date_gmt":"2022-11-03T07:06:34","guid":{"rendered":"https:\/\/pneuhaus-happy.ch\/wordpress\/?page_id=867"},"modified":"2022-11-03T08:13:46","modified_gmt":"2022-11-03T07:13:46","slug":"impressum","status":"publish","type":"page","link":"https:\/\/pneuhaus-happy.ch\/wordpress\/impressum\/","title":{"rendered":"Impressum"},"content":{"rendered":"\t\t<div data-elementor-type=\"wp-page\" data-elementor-id=\"867\" class=\"elementor elementor-867\">\n\t\t\t\t\t\t\t\t\t<section class=\"elementor-section elementor-top-section elementor-element elementor-element-p32glrw elementor-section-content-bottom elementor-section-boxed elementor-section-height-default elementor-section-height-default\" data-id=\"p32glrw\" data-element_type=\"section\" data-settings=\"{&quot;background_background&quot;:&quot;classic&quot;}\">\n\t\t\t\t\t\t\t<div class=\"elementor-background-overlay\"><\/div>\n\t\t\t\t\t\t\t<div class=\"elementor-container elementor-column-gap-no\">\n\t\t\t\t\t<div class=\"elementor-column elementor-col-100 elementor-top-column elementor-element elementor-element-f4fe14c\" data-id=\"f4fe14c\" data-element_type=\"column\">\n\t\t\t<div class=\"elementor-widget-wrap elementor-element-populated\">\n\t\t\t\t\t\t\t\t<div class=\"elementor-element elementor-element-08960a8 elementor-widget elementor-widget-heading\" data-id=\"08960a8\" data-element_type=\"widget\" data-widget_type=\"heading.default\">\n\t\t\t\t<div class=\"elementor-widget-container\">\n\t\t\t<style>\/*! elementor - v3.7.2 - 21-08-2022 *\/\n.elementor-heading-title{padding:0;margin:0;line-height:1}.elementor-widget-heading .elementor-heading-title[class*=elementor-size-]>a{color:inherit;font-size:inherit;line-height:inherit}.elementor-widget-heading .elementor-heading-title.elementor-size-small{font-size:15px}.elementor-widget-heading .elementor-heading-title.elementor-size-medium{font-size:19px}.elementor-widget-heading .elementor-heading-title.elementor-size-large{font-size:29px}.elementor-widget-heading .elementor-heading-title.elementor-size-xl{font-size:39px}.elementor-widget-heading .elementor-heading-title.elementor-size-xxl{font-size:59px}<\/style><h1 class=\"elementor-heading-title elementor-size-default\">Impressum<\/h1>\t\t<\/div>\n\t\t\t\t<\/div>\n\t\t\t\t\t<\/div>\n\t\t<\/div>\n\t\t\t\t\t\t\t<\/div>\n\t\t<\/section>\n\t\t\t\t<section class=\"elementor-section elementor-top-section elementor-element elementor-element-b4dtuhd elementor-section-boxed elementor-section-height-default elementor-section-height-default\" data-id=\"b4dtuhd\" data-element_type=\"section\" data-settings=\"{&quot;background_background&quot;:&quot;classic&quot;}\">\n\t\t\t\t\t\t<div class=\"elementor-container elementor-column-gap-no\">\n\t\t\t\t\t<div class=\"elementor-column elementor-col-100 elementor-top-column elementor-element elementor-element-c2f159c\" data-id=\"c2f159c\" data-element_type=\"column\">\n\t\t\t<div class=\"elementor-widget-wrap elementor-element-populated\">\n\t\t\t\t\t\t\t\t<div class=\"elementor-element elementor-element-0fa97ad elementor-widget elementor-widget-text-editor\" data-id=\"0fa97ad\" data-element_type=\"widget\" data-widget_type=\"text-editor.default\">\n\t\t\t\t<div class=\"elementor-widget-container\">\n\t\t\t<style>\/*! elementor - v3.7.2 - 21-08-2022 *\/\n.elementor-widget-text-editor.elementor-drop-cap-view-stacked .elementor-drop-cap{background-color:#818a91;color:#fff}.elementor-widget-text-editor.elementor-drop-cap-view-framed .elementor-drop-cap{color:#818a91;border:3px solid;background-color:transparent}.elementor-widget-text-editor:not(.elementor-drop-cap-view-default) .elementor-drop-cap{margin-top:8px}.elementor-widget-text-editor:not(.elementor-drop-cap-view-default) .elementor-drop-cap-letter{width:1em;height:1em}.elementor-widget-text-editor .elementor-drop-cap{float:left;text-align:center;line-height:1;font-size:50px}.elementor-widget-text-editor .elementor-drop-cap-letter{display:inline-block}<\/style>\t\t\t\t<div class=\"col-md-6 space-down5\"><div class=\"panel panel-default panel-shadow\"><div class=\"panel-body\"><p><strong><i>Kontakt-Adresse<\/i><\/strong><\/p><p>Pneuhaus Happy GmbH<br \/>Aeschengasse 13<br \/>4313 M\u00f6hlin<br \/>Schweiz<\/p><p>E-Mail:<br \/>info@pneuhaus-happy.ch<\/p><p><strong><i>Vertretungsberechtigte Person(en)<\/i><\/strong><\/p><p>Armen Kazimoski<\/p><p><strong><i>Handelsregister-Eintrag<\/i><\/strong><\/p><p>Eingetragener Firmenname:<br \/><strong>Pneuhaus Happy GmbH<\/strong><\/p><p>Unternehmens-Nr (UID):<br \/><strong>CHE-347.796.744<\/strong><\/p><p>Mehrwertsteuer-Nummer<br \/><strong>CHE-347.796.744 MWST<\/strong><\/p><p>\u00a0<\/p><p><strong><i>Haftungsausschluss<\/i><\/strong><\/p><p>Der Autor \u00fcbernimmt keinerlei Gew\u00e4hr hinsichtlich der inhaltlichen Richtigkeit, Genauigkeit, Aktualit\u00e4t, Zuverl\u00e4ssigkeit und Vollst\u00e4ndigkeit der Informationen.<\/p><p>Haftungsanspr\u00fcche gegen den Autor wegen Sch\u00e4den materieller oder immaterieller Art, welche aus dem Zugriff oder der Nutzung bzw. Nichtnutzung der ver\u00f6ffentlichten Informationen, durch Missbrauch der Verbindung oder durch technische St\u00f6rungen entstanden sind, werden ausgeschlossen.<\/p><p>Alle Angebote sind unverbindlich. Der Autor beh\u00e4lt es sich ausdr\u00fccklich vor, Teile der Seiten oder das gesamte Angebot ohne besondere Ank\u00fcndigung zu ver\u00e4ndern, zu erg\u00e4nzen, zu l\u00f6schen oder die Ver\u00f6ffentlichung zeitweise oder endg\u00fcltig einzustellen.<\/p><p><strong><i>Haftungsausschluss f\u00fcr Links<\/i><\/strong><\/p><p>Verweise und Links auf Webseiten Dritter liegen ausserhalb unseres Verantwortungsbereichs. Es wird jegliche Verantwortung f\u00fcr solche Webseiten abgelehnt. Der Zugriff und die Nutzung solcher Webseiten erfolgen auf eigene Gefahr des jeweiligen Nutzers.<\/p><p><strong><i>Urheberrechte<\/i><\/strong><\/p><p>Die Urheber- und alle anderen Rechte an Inhalten, Bildern, Fotos oder anderen Dateien auf dieser Website, geh\u00f6ren ausschliesslich\u00a0<strong>der Firma Pneuhaus Happy GmbH<\/strong>\u00a0oder den speziell genannten Rechteinhabern. F\u00fcr die Reproduktion jeglicher Elemente ist die schriftliche Zustimmung des Urheberrechtstr\u00e4gers im Voraus einzuholen.<\/p><p><span id=\"ContentPlaceHolder1_lblVorschau\"><br \/>Quelle:\u00a0<a href=\"https:\/\/www.swissanwalt.ch\/\" target=\"_blank\" rel=\"noopener\">SwissAnwalt<\/a><\/span><\/p><\/div><\/div><\/div><div class=\"col-md-6 space-down30\"><div class=\"well\">\u00a0<\/div><\/div>\t\t\t\t\t\t<\/div>\n\t\t\t\t<\/div>\n\t\t\t\t\t<\/div>\n\t\t<\/div>\n\t\t\t\t\t\t\t<\/div>\n\t\t<\/section>\n\t\t\t\t\t\t\t<\/div>\n\t\t","protected":false},"excerpt":{"rendered":"<p>Impressum Kontakt-Adresse Pneuhaus Happy GmbHAeschengasse 134313 M\u00f6hlinSchweiz E-Mail:info@pneuhaus-happy.ch Vertretungsberechtigte Person(en) Armen Kazimoski Handelsregister-Eintrag Eingetragener Firmenname:Pneuhaus Happy GmbH Unternehmens-Nr (UID):CHE-347.796.744 Mehrwertsteuer-NummerCHE-347.796.744 MWST \u00a0 Haftungsausschluss Der Autor \u00fcbernimmt keinerlei Gew\u00e4hr hinsichtlich der inhaltlichen Richtigkeit, Genauigkeit, Aktualit\u00e4t, Zuverl\u00e4ssigkeit und Vollst\u00e4ndigkeit der Informationen. Haftungsanspr\u00fcche gegen den Autor wegen Sch\u00e4den materieller oder immaterieller Art, welche aus dem Zugriff oder der &hellip;<\/p>\n<p class=\"read-more\"> <a class=\"\" href=\"https:\/\/pneuhaus-happy.ch\/wordpress\/impressum\/\"> <span class=\"screen-reader-text\">Impressum<\/span> Read More &raquo;<\/a><\/p>\n","protected":false},"author":1,"featured_media":0,"parent":0,"menu_order":0,"comment_status":"closed","ping_status":"closed","template":"","meta":{"site-sidebar-layout":"no-sidebar","site-content-layout":"page-builder","ast-global-header-display":"","ast-main-header-display":"","ast-hfb-above-header-display":"","ast-hfb-below-header-display":"","ast-hfb-mobile-header-display":"","site-post-title":"disabled","ast-breadcrumbs-content":"","ast-featured-img":"disabled","footer-sml-layout":"","theme-transparent-header-meta":"","adv-header-id-meta":"","stick-header-meta":"","header-above-stick-meta":"","header-main-stick-meta":"","header-below-stick-meta":"","footnotes":""},"class_list":["post-867","page","type-page","status-publish","hentry"],"yoast_head":"<!-- This site is optimized with the Yoast SEO plugin v19.13 - https:\/\/yoast.com\/wordpress\/plugins\/seo\/ -->\n<title>Impressum - Pneuhaus Happy<\/title>\n<meta name=\"robots\" content=\"index, follow, max-snippet:-1, max-image-preview:large, max-video-preview:-1\" \/>\n<link rel=\"canonical\" href=\"https:\/\/pneuhaus-happy.ch\/wordpress\/impressum\/\" \/>\n<meta property=\"og:locale\" content=\"en_US\" \/>\n<meta property=\"og:type\" content=\"article\" \/>\n<meta property=\"og:title\" content=\"Impressum - Pneuhaus Happy\" \/>\n<meta property=\"og:description\" content=\"Impressum Kontakt-Adresse Pneuhaus Happy GmbHAeschengasse 134313 M\u00f6hlinSchweiz E-Mail:info@pneuhaus-happy.ch Vertretungsberechtigte Person(en) Armen Kazimoski Handelsregister-Eintrag Eingetragener Firmenname:Pneuhaus Happy GmbH Unternehmens-Nr (UID):CHE-347.796.744 Mehrwertsteuer-NummerCHE-347.796.744 MWST \u00a0 Haftungsausschluss Der Autor \u00fcbernimmt keinerlei Gew\u00e4hr hinsichtlich der inhaltlichen Richtigkeit, Genauigkeit, Aktualit\u00e4t, Zuverl\u00e4ssigkeit und Vollst\u00e4ndigkeit der Informationen. Haftungsanspr\u00fcche gegen den Autor wegen Sch\u00e4den materieller oder immaterieller Art, welche aus dem Zugriff oder der &hellip; Impressum Read More &raquo;\" \/>\n<meta property=\"og:url\" content=\"https:\/\/pneuhaus-happy.ch\/wordpress\/impressum\/\" \/>\n<meta property=\"og:site_name\" content=\"Pneuhaus Happy\" \/>\n<meta property=\"article:modified_time\" content=\"2022-11-03T07:13:46+00:00\" \/>\n<meta name=\"twitter:card\" content=\"summary_large_image\" \/>\n<meta name=\"twitter:label1\" content=\"Est. reading time\" \/>\n\t<meta name=\"twitter:data1\" content=\"1 minute\" \/>\n<script type=\"application\/ld+json\" class=\"yoast-schema-graph\">{\"@context\":\"https:\/\/schema.org\",\"@graph\":[{\"@type\":\"WebPage\",\"@id\":\"https:\/\/pneuhaus-happy.ch\/wordpress\/impressum\/\",\"url\":\"https:\/\/pneuhaus-happy.ch\/wordpress\/impressum\/\",\"name\":\"Impressum - Pneuhaus Happy\",\"isPartOf\":{\"@id\":\"https:\/\/pneuhaus-happy.ch\/wordpress\/#website\"},\"datePublished\":\"2022-11-03T07:06:34+00:00\",\"dateModified\":\"2022-11-03T07:13:46+00:00\",\"breadcrumb\":{\"@id\":\"https:\/\/pneuhaus-happy.ch\/wordpress\/impressum\/#breadcrumb\"},\"inLanguage\":\"en-US\",\"potentialAction\":[{\"@type\":\"ReadAction\",\"target\":[\"https:\/\/pneuhaus-happy.ch\/wordpress\/impressum\/\"]}]},{\"@type\":\"BreadcrumbList\",\"@id\":\"https:\/\/pneuhaus-happy.ch\/wordpress\/impressum\/#breadcrumb\",\"itemListElement\":[{\"@type\":\"ListItem\",\"position\":1,\"name\":\"Home\",\"item\":\"https:\/\/pneuhaus-happy.ch\/wordpress\/\"},{\"@type\":\"ListItem\",\"position\":2,\"name\":\"Impressum\"}]},{\"@type\":\"WebSite\",\"@id\":\"https:\/\/pneuhaus-happy.ch\/wordpress\/#website\",\"url\":\"https:\/\/pneuhaus-happy.ch\/wordpress\/\",\"name\":\"pneuhaus-happy.ch\",\"description\":\"Rad, Reifen, Innenreinigung\",\"publisher\":{\"@id\":\"https:\/\/pneuhaus-happy.ch\/wordpress\/#organization\"},\"potentialAction\":[{\"@type\":\"SearchAction\",\"target\":{\"@type\":\"EntryPoint\",\"urlTemplate\":\"https:\/\/pneuhaus-happy.ch\/wordpress\/?s={search_term_string}\"},\"query-input\":\"required name=search_term_string\"}],\"inLanguage\":\"en-US\"},{\"@type\":\"Organization\",\"@id\":\"https:\/\/pneuhaus-happy.ch\/wordpress\/#organization\",\"name\":\"Pneuhaus Happy GmbH\",\"url\":\"https:\/\/pneuhaus-happy.ch\/wordpress\/\",\"logo\":{\"@type\":\"ImageObject\",\"inLanguage\":\"en-US\",\"@id\":\"https:\/\/pneuhaus-happy.ch\/wordpress\/#\/schema\/logo\/image\/\",\"url\":\"https:\/\/pneuhaus-happy.ch\/wordpress\/wp-content\/uploads\/2022\/09\/cropped-WhatsApp-Image-2022-09-24-at-10.37.28-AM.jpeg\",\"contentUrl\":\"https:\/\/pneuhaus-happy.ch\/wordpress\/wp-content\/uploads\/2022\/09\/cropped-WhatsApp-Image-2022-09-24-at-10.37.28-AM.jpeg\",\"width\":1871,\"height\":557,\"caption\":\"Pneuhaus Happy GmbH\"},\"image\":{\"@id\":\"https:\/\/pneuhaus-happy.ch\/wordpress\/#\/schema\/logo\/image\/\"}}]}<\/script>\n<!-- \/ Yoast SEO plugin. -->","yoast_head_json":{"title":"Impressum - Pneuhaus Happy","robots":{"index":"index","follow":"follow","max-snippet":"max-snippet:-1","max-image-preview":"max-image-preview:large","max-video-preview":"max-video-preview:-1"},"canonical":"https:\/\/pneuhaus-happy.ch\/wordpress\/impressum\/","og_locale":"en_US","og_type":"article","og_title":"Impressum - Pneuhaus Happy","og_description":"Impressum Kontakt-Adresse Pneuhaus Happy GmbHAeschengasse 134313 M\u00f6hlinSchweiz E-Mail:info@pneuhaus-happy.ch Vertretungsberechtigte Person(en) Armen Kazimoski Handelsregister-Eintrag Eingetragener Firmenname:Pneuhaus Happy GmbH Unternehmens-Nr (UID):CHE-347.796.744 Mehrwertsteuer-NummerCHE-347.796.744 MWST \u00a0 Haftungsausschluss Der Autor \u00fcbernimmt keinerlei Gew\u00e4hr hinsichtlich der inhaltlichen Richtigkeit, Genauigkeit, Aktualit\u00e4t, Zuverl\u00e4ssigkeit und Vollst\u00e4ndigkeit der Informationen. Haftungsanspr\u00fcche gegen den Autor wegen Sch\u00e4den materieller oder immaterieller Art, welche aus dem Zugriff oder der &hellip; Impressum Read More &raquo;","og_url":"https:\/\/pneuhaus-happy.ch\/wordpress\/impressum\/","og_site_name":"Pneuhaus Happy","article_modified_time":"2022-11-03T07:13:46+00:00","twitter_card":"summary_large_image","twitter_misc":{"Est. reading time":"1 minute"},"schema":{"@context":"https:\/\/schema.org","@graph":[{"@type":"WebPage","@id":"https:\/\/pneuhaus-happy.ch\/wordpress\/impressum\/","url":"https:\/\/pneuhaus-happy.ch\/wordpress\/impressum\/","name":"Impressum - Pneuhaus Happy","isPartOf":{"@id":"https:\/\/pneuhaus-happy.ch\/wordpress\/#website"},"datePublished":"2022-11-03T07:06:34+00:00","dateModified":"2022-11-03T07:13:46+00:00","breadcrumb":{"@id":"https:\/\/pneuhaus-happy.ch\/wordpress\/impressum\/#breadcrumb"},"inLanguage":"en-US","potentialAction":[{"@type":"ReadAction","target":["https:\/\/pneuhaus-happy.ch\/wordpress\/impressum\/"]}]},{"@type":"BreadcrumbList","@id":"https:\/\/pneuhaus-happy.ch\/wordpress\/impressum\/#breadcrumb","itemListElement":[{"@type":"ListItem","position":1,"name":"Home","item":"https:\/\/pneuhaus-happy.ch\/wordpress\/"},{"@type":"ListItem","position":2,"name":"Impressum"}]},{"@type":"WebSite","@id":"https:\/\/pneuhaus-happy.ch\/wordpress\/#website","url":"https:\/\/pneuhaus-happy.ch\/wordpress\/","name":"pneuhaus-happy.ch","description":"Rad, Reifen, Innenreinigung","publisher":{"@id":"https:\/\/pneuhaus-happy.ch\/wordpress\/#organization"},"potentialAction":[{"@type":"SearchAction","target":{"@type":"EntryPoint","urlTemplate":"https:\/\/pneuhaus-happy.ch\/wordpress\/?s={search_term_string}"},"query-input":"required name=search_term_string"}],"inLanguage":"en-US"},{"@type":"Organization","@id":"https:\/\/pneuhaus-happy.ch\/wordpress\/#organization","name":"Pneuhaus Happy GmbH","url":"https:\/\/pneuhaus-happy.ch\/wordpress\/","logo":{"@type":"ImageObject","inLanguage":"en-US","@id":"https:\/\/pneuhaus-happy.ch\/wordpress\/#\/schema\/logo\/image\/","url":"https:\/\/pneuhaus-happy.ch\/wordpress\/wp-content\/uploads\/2022\/09\/cropped-WhatsApp-Image-2022-09-24-at-10.37.28-AM.jpeg","contentUrl":"https:\/\/pneuhaus-happy.ch\/wordpress\/wp-content\/uploads\/2022\/09\/cropped-WhatsApp-Image-2022-09-24-at-10.37.28-AM.jpeg","width":1871,"height":557,"caption":"Pneuhaus Happy GmbH"},"image":{"@id":"https:\/\/pneuhaus-happy.ch\/wordpress\/#\/schema\/logo\/image\/"}}]}},"_links":{"self":[{"href":"https:\/\/pneuhaus-happy.ch\/wordpress\/wp-json\/wp\/v2\/pages\/867","targetHints":{"allow":["GET"]}}],"collection":[{"href":"https:\/\/pneuhaus-happy.ch\/wordpress\/wp-json\/wp\/v2\/pages"}],"about":[{"href":"https:\/\/pneuhaus-happy.ch\/wordpress\/wp-json\/wp\/v2\/types\/page"}],"author":[{"embeddable":true,"href":"https:\/\/pneuhaus-happy.ch\/wordpress\/wp-json\/wp\/v2\/users\/1"}],"replies":[{"embeddable":true,"href":"https:\/\/pneuhaus-happy.ch\/wordpress\/wp-json\/wp\/v2\/comments?post=867"}],"version-history":[{"count":7,"href":"https:\/\/pneuhaus-happy.ch\/wordpress\/wp-json\/wp\/v2\/pages\/867\/revisions"}],"predecessor-version":[{"id":875,"href":"https:\/\/pneuhaus-happy.ch\/wordpress\/wp-json\/wp\/v2\/pages\/867\/revisions\/875"}],"wp:attachment":[{"href":"https:\/\/pneuhaus-happy.ch\/wordpress\/wp-json\/wp\/v2\/media?parent=867"}],"curies":[{"name":"wp","href":"https:\/\/api.w.org\/{rel}","templated":true}]}}